{"id":32,"date":"2025-04-07T23:27:44","date_gmt":"2025-04-07T21:27:44","guid":{"rendered":"https:\/\/sohy-sexologue.com\/?page_id=32"},"modified":"2025-06-29T17:18:41","modified_gmt":"2025-06-29T15:18:41","slug":"cabinet","status":"publish","type":"page","link":"https:\/\/sohy-sexologue.com\/index.php\/cabinet\/","title":{"rendered":"Le cabinet"},"content":{"rendered":"\n<div class=\"wp-block-group alignfull is-style-no-padding has-palette-3-color has-palette-1-background-color has-text-color has-background\" style=\"padding-bottom:120px\"><div class=\"wp-block-group__inner-container is-layout-flow wp-block-group-is-layout-flow\">\n<div style=\"height:100px\" aria-hidden=\"true\" class=\"wp-block-spacer has-15vmax-min-height\"><\/div>\n\n\n<div class=\"alignwide-wrap\" data-block=\"columns\">\n<div class=\"wp-block-columns alignwide\">\n<div class=\"wp-block-column\">\n<p class=\"is-style-default\" style=\"padding-top:var(--wp--preset--spacing--50);padding-right:var(--wp--preset--spacing--30);padding-bottom:var(--wp--preset--spacing--50);padding-left:var(--wp--preset--spacing--30)\"><iframe src=\"https:\/\/www.google.com\/maps\/embed?pb=!1m18!1m12!1m3!1d8742.572280729915!2d6.169343610749081!3d48.687448737638626!2m3!1f0!2f0!3f0!3m2!1i1024!2i768!4f13.1!3m3!1m2!1s0x4794a3e123735105%3A0x1cdec40f84334a6a!2sAur%C3%A9lie%20SOHY%20Sexologue%20clinicienne%20et%20th%C3%A9rapeute%20de%20couple!5e0!3m2!1sfr!2sfr!4v1750948749257!5m2!1sfr!2sfr\" width=\"600\" height=\"600\" style=\"border:0;\" allowfullscreen=\"\" loading=\"lazy\" referrerpolicy=\"no-referrer-when-downgrade\"><\/iframe><\/p>\n<\/div>\n\n\n\n<div class=\"wp-block-column is-vertically-aligned-bottom\">\n<h2 class=\"wp-block-heading has-palette-2-color has-text-color\"><strong>Le cabinet<\/strong><\/h2>\n\n\n\n<h3 class=\"wp-block-heading has-palette-2-color has-text-color has-link-color wp-elements-fe0e42c9cca6c178d0dd7e7848bac3aa\"><strong>Aur\u00e9lie Sohy<\/strong><\/h3>\n\n\n\n<p class=\"has-palette-2-color has-text-color has-link-color wp-elements-af483dc4dfa6836736c979be089d6f45\"><strong>Adresse<br><\/strong>3, avenue Anatole France, 54000 Nancy<br><strong>T\u00e9l\u00e9phone<\/strong> 06 21 81 01 66<br><strong>E-mail<\/strong> <a href=\"mailto:cabinetdesexologie.sohy@gmail.com\">cabinetdesexologie.sohy@gmail.com<\/a><\/p>\n\n\n\n<p class=\"has-palette-2-color has-text-color has-link-color wp-elements-c8ac722456e111510fbf78ce269c0e19\"><strong>En voiture<br><\/strong>Le cabinet est facilement accessible depuis l\u2019autoroute en provenance de Toul, Metz, Lun\u00e9ville et \u00c9pinal.<br>Stationnement gratuit disponible \u00e0 proximit\u00e9, directement dans la rue.<\/p>\n\n\n\n<p class=\"has-palette-2-color has-text-color has-link-color wp-elements-6c357944315f21c7e31b922a73c2270f\"><strong>En train<br><\/strong>Le cabinet est situ\u00e9 \u00e0 seulement 10 minutes \u00e0 pied de la gare de Nancy.<\/p>\n\n\n\n<p class=\"has-palette-2-color has-text-color has-link-color wp-elements-b362204b62691ff40819701cf1e0dee1\"><strong>En transports en commun<br><\/strong>L\u2019arr\u00eat de bus \u201c<strong>Pr\u00e9ville<\/strong>\u201d se trouve juste devant le cabinet, facilitant l\u2019acc\u00e8s en transports en commun.<\/p>\n<\/div>\n<\/div>\n<\/div><\/div><\/div>\n","protected":false},"excerpt":{"rendered":"<div class=\"entry-summary\">\n<p>\n\t<a href=\"https:\/\/webmandesign.github.io\/docs\/michelle\/#posts-excerpt\">This is a page\/post excerpt text.<\/a><br \/>\n\tLorem dolor sit amet adipiscing elit gravida, enim curabitur sagittis magna molestie rutrum nostra viverra.\n<\/p>\n<\/div>\n<div class=\"link-more-container\"><a href=\"https:\/\/sohy-sexologue.com\/index.php\/cabinet\/\" class=\"link-more\" aria-label=\"Continue reading Le cabinet\">Continue reading&hellip;<\/a><\/div>\n","protected":false},"author":1,"featured_media":0,"parent":0,"menu_order":0,"comment_status":"closed","ping_status":"closed","template":"templates\/no-intro-header-overlaid-dark.php","meta":{"footnotes":""},"class_list":["post-32","page","type-page","status-publish","hentry","entry","entry-type-page"],"_links":{"self":[{"href":"https:\/\/sohy-sexologue.com\/index.php\/wp-json\/wp\/v2\/pages\/32","targetHints":{"allow":["GET"]}}],"collection":[{"href":"https:\/\/sohy-sexologue.com\/index.php\/wp-json\/wp\/v2\/pages"}],"about":[{"href":"https:\/\/sohy-sexologue.com\/index.php\/wp-json\/wp\/v2\/types\/page"}],"author":[{"embeddable":true,"href":"https:\/\/sohy-sexologue.com\/index.php\/wp-json\/wp\/v2\/users\/1"}],"replies":[{"embeddable":true,"href":"https:\/\/sohy-sexologue.com\/index.php\/wp-json\/wp\/v2\/comments?post=32"}],"version-history":[{"count":21,"href":"https:\/\/sohy-sexologue.com\/index.php\/wp-json\/wp\/v2\/pages\/32\/revisions"}],"predecessor-version":[{"id":177,"href":"https:\/\/sohy-sexologue.com\/index.php\/wp-json\/wp\/v2\/pages\/32\/revisions\/177"}],"wp:attachment":[{"href":"https:\/\/sohy-sexologue.com\/index.php\/wp-json\/wp\/v2\/media?parent=32"}],"curies":[{"name":"wp","href":"https:\/\/api.w.org\/{rel}","templated":true}]}}